{"id":141,"date":"2025-08-12T22:58:14","date_gmt":"2025-08-12T20:58:14","guid":{"rendered":"https:\/\/knock-down.pl\/?page_id=141"},"modified":"2025-08-24T22:32:40","modified_gmt":"2025-08-24T20:32:40","slug":"schody-stolarka","status":"publish","type":"page","link":"https:\/\/knock-down.pl\/?page_id=141","title":{"rendered":"Schody, Stolarka"},"content":{"rendered":"\n<div class=\"wp-block-media-text is-stacked-on-mobile\" style=\"grid-template-columns:37% auto\"><figure class=\"wp-block-media-text__media\"><img fetchpriority=\"high\" decoding=\"async\" width=\"478\" height=\"1024\" src=\"http:\/\/knock-down.pl\/wp-content\/uploads\/2025\/08\/ETGPE9374-1-478x1024.jpg\" alt=\"\" class=\"wp-image-204 size-full\" srcset=\"https:\/\/knock-down.pl\/wp-content\/uploads\/2025\/08\/ETGPE9374-1-478x1024.jpg 478w, https:\/\/knock-down.pl\/wp-content\/uploads\/2025\/08\/ETGPE9374-1-140x300.jpg 140w, https:\/\/knock-down.pl\/wp-content\/uploads\/2025\/08\/ETGPE9374-1-768x1645.jpg 768w, https:\/\/knock-down.pl\/wp-content\/uploads\/2025\/08\/ETGPE9374-1-717x1536.jpg 717w, https:\/\/knock-down.pl\/wp-content\/uploads\/2025\/08\/ETGPE9374-1-956x2048.jpg 956w, https:\/\/knock-down.pl\/wp-content\/uploads\/2025\/08\/ETGPE9374-1-scaled.jpg 1196w\" sizes=\"(max-width: 478px) 100vw, 478px\" \/><\/figure><div class=\"wp-block-media-text__content\">\n<p>Wykonujemy wszelkie prace stolarskie zar\u00f3wno z u\u017cyciem materia\u0142\u00f3w prefabrykowanych jak i surowego drewna oraz innych materia\u0142\u00f3w.<\/p>\n<\/div><\/div>\n\n\n\n<p>Kilka ostatnich realizacji.<\/p>\n\n\n\n<figure class=\"wp-block-gallery has-nested-images columns-default is-cropped wp-block-gallery-1 is-layout-flex wp-block-gallery-is-layout-flex\">\n<figure data-wp-context=\"{&quot;imageId&quot;:&quot;69e3816e0d914&quot;}\" data-wp-interactive=\"core\/image\" data-wp-key=\"69e3816e0d914\" class=\"wp-block-image size-large wp-lightbox-container\"><img decoding=\"async\" width=\"1024\" height=\"1024\" data-wp-class--hide=\"state.isContentHidden\" data-wp-class--show=\"state.isContentVisible\" data-wp-init=\"callbacks.setButtonStyles\" data-wp-on--click=\"actions.showLightbox\" data-wp-on--load=\"callbacks.setButtonStyles\" data-wp-on-window--resize=\"callbacks.setButtonStyles\" data-id=\"201\" src=\"https:\/\/knock-down.pl\/wp-content\/uploads\/2025\/08\/BWMKE6456-1-1024x1024.jpg\" alt=\"\" class=\"wp-image-201\" srcset=\"https:\/\/knock-down.pl\/wp-content\/uploads\/2025\/08\/BWMKE6456-1-1024x1024.jpg 1024w, https:\/\/knock-down.pl\/wp-content\/uploads\/2025\/08\/BWMKE6456-1-300x300.jpg 300w, https:\/\/knock-down.pl\/wp-content\/uploads\/2025\/08\/BWMKE6456-1-150x150.jpg 150w, https:\/\/knock-down.pl\/wp-content\/uploads\/2025\/08\/BWMKE6456-1-768x768.jpg 768w, https:\/\/knock-down.pl\/wp-content\/uploads\/2025\/08\/BWMKE6456-1-1536x1536.jpg 1536w, https:\/\/knock-down.pl\/wp-content\/uploads\/2025\/08\/BWMKE6456-1-2048x2048.jpg 2048w\" sizes=\"(max-width: 1024px) 100vw, 1024px\" \/><button\n\t\t\tclass=\"lightbox-trigger\"\n\t\t\ttype=\"button\"\n\t\t\taria-haspopup=\"dialog\"\n\t\t\taria-label=\"Enlarge\"\n\t\t\tdata-wp-init=\"callbacks.initTriggerButton\"\n\t\t\tdata-wp-on--click=\"actions.showLightbox\"\n\t\t\tdata-wp-style--right=\"state.imageButtonRight\"\n\t\t\tdata-wp-style--top=\"state.imageButtonTop\"\n\t\t>\n\t\t\t<svg xmlns=\"http:\/\/www.w3.org\/2000\/svg\" width=\"12\" height=\"12\" fill=\"none\" viewBox=\"0 0 12 12\">\n\t\t\t\t<path fill=\"#fff\" d=\"M2 0a2 2 0 0 0-2 2v2h1.5V2a.5.5 0 0 1 .5-.5h2V0H2Zm2 10.5H2a.5.5 0 0 1-.5-.5V8H0v2a2 2 0 0 0 2 2h2v-1.5ZM8 12v-1.5h2a.5.5 0 0 0 .5-.5V8H12v2a2 2 0 0 1-2 2H8Zm2-12a2 2 0 0 1 2 2v2h-1.5V2a.5.5 0 0 0-.5-.5H8V0h2Z\" \/>\n\t\t\t<\/svg>\n\t\t<\/button><\/figure>\n\n\n\n<figure data-wp-context=\"{&quot;imageId&quot;:&quot;69e3816e0de9d&quot;}\" data-wp-interactive=\"core\/image\" data-wp-key=\"69e3816e0de9d\" class=\"wp-block-image size-large wp-lightbox-container\"><img decoding=\"async\" width=\"1024\" height=\"1024\" data-wp-class--hide=\"state.isContentHidden\" data-wp-class--show=\"state.isContentVisible\" data-wp-init=\"callbacks.setButtonStyles\" data-wp-on--click=\"actions.showLightbox\" data-wp-on--load=\"callbacks.setButtonStyles\" data-wp-on-window--resize=\"callbacks.setButtonStyles\" data-id=\"202\" src=\"https:\/\/knock-down.pl\/wp-content\/uploads\/2025\/08\/HVTZE1766-1-1024x1024.jpg\" alt=\"\" class=\"wp-image-202\" srcset=\"https:\/\/knock-down.pl\/wp-content\/uploads\/2025\/08\/HVTZE1766-1-1024x1024.jpg 1024w, https:\/\/knock-down.pl\/wp-content\/uploads\/2025\/08\/HVTZE1766-1-300x300.jpg 300w, https:\/\/knock-down.pl\/wp-content\/uploads\/2025\/08\/HVTZE1766-1-150x150.jpg 150w, https:\/\/knock-down.pl\/wp-content\/uploads\/2025\/08\/HVTZE1766-1-768x768.jpg 768w, https:\/\/knock-down.pl\/wp-content\/uploads\/2025\/08\/HVTZE1766-1-1536x1536.jpg 1536w, https:\/\/knock-down.pl\/wp-content\/uploads\/2025\/08\/HVTZE1766-1-2048x2048.jpg 2048w\" sizes=\"(max-width: 1024px) 100vw, 1024px\" \/><button\n\t\t\tclass=\"lightbox-trigger\"\n\t\t\ttype=\"button\"\n\t\t\taria-haspopup=\"dialog\"\n\t\t\taria-label=\"Enlarge\"\n\t\t\tdata-wp-init=\"callbacks.initTriggerButton\"\n\t\t\tdata-wp-on--click=\"actions.showLightbox\"\n\t\t\tdata-wp-style--right=\"state.imageButtonRight\"\n\t\t\tdata-wp-style--top=\"state.imageButtonTop\"\n\t\t>\n\t\t\t<svg xmlns=\"http:\/\/www.w3.org\/2000\/svg\" width=\"12\" height=\"12\" fill=\"none\" viewBox=\"0 0 12 12\">\n\t\t\t\t<path fill=\"#fff\" d=\"M2 0a2 2 0 0 0-2 2v2h1.5V2a.5.5 0 0 1 .5-.5h2V0H2Zm2 10.5H2a.5.5 0 0 1-.5-.5V8H0v2a2 2 0 0 0 2 2h2v-1.5ZM8 12v-1.5h2a.5.5 0 0 0 .5-.5V8H12v2a2 2 0 0 1-2 2H8Zm2-12a2 2 0 0 1 2 2v2h-1.5V2a.5.5 0 0 0-.5-.5H8V0h2Z\" \/>\n\t\t\t<\/svg>\n\t\t<\/button><\/figure>\n<\/figure>\n\n\n\n<figure class=\"wp-block-gallery has-nested-images columns-default is-cropped wp-block-gallery-2 is-layout-flex wp-block-gallery-is-layout-flex\">\n<figure data-wp-context=\"{&quot;imageId&quot;:&quot;69e3816e0f176&quot;}\" data-wp-interactive=\"core\/image\" data-wp-key=\"69e3816e0f176\" class=\"wp-block-image size-large wp-lightbox-container\"><img loading=\"lazy\" decoding=\"async\" width=\"1024\" height=\"1024\" data-wp-class--hide=\"state.isContentHidden\" data-wp-class--show=\"state.isContentVisible\" data-wp-init=\"callbacks.setButtonStyles\" data-wp-on--click=\"actions.showLightbox\" data-wp-on--load=\"callbacks.setButtonStyles\" data-wp-on-window--resize=\"callbacks.setButtonStyles\" data-id=\"203\" src=\"https:\/\/knock-down.pl\/wp-content\/uploads\/2025\/08\/DKCTE4640-1-1024x1024.jpg\" alt=\"\" class=\"wp-image-203\" srcset=\"https:\/\/knock-down.pl\/wp-content\/uploads\/2025\/08\/DKCTE4640-1-1024x1024.jpg 1024w, https:\/\/knock-down.pl\/wp-content\/uploads\/2025\/08\/DKCTE4640-1-300x300.jpg 300w, https:\/\/knock-down.pl\/wp-content\/uploads\/2025\/08\/DKCTE4640-1-150x150.jpg 150w, https:\/\/knock-down.pl\/wp-content\/uploads\/2025\/08\/DKCTE4640-1-768x768.jpg 768w, https:\/\/knock-down.pl\/wp-content\/uploads\/2025\/08\/DKCTE4640-1-1536x1536.jpg 1536w, https:\/\/knock-down.pl\/wp-content\/uploads\/2025\/08\/DKCTE4640-1-2048x2048.jpg 2048w\" sizes=\"(max-width: 1024px) 100vw, 1024px\" \/><button\n\t\t\tclass=\"lightbox-trigger\"\n\t\t\ttype=\"button\"\n\t\t\taria-haspopup=\"dialog\"\n\t\t\taria-label=\"Enlarge\"\n\t\t\tdata-wp-init=\"callbacks.initTriggerButton\"\n\t\t\tdata-wp-on--click=\"actions.showLightbox\"\n\t\t\tdata-wp-style--right=\"state.imageButtonRight\"\n\t\t\tdata-wp-style--top=\"state.imageButtonTop\"\n\t\t>\n\t\t\t<svg xmlns=\"http:\/\/www.w3.org\/2000\/svg\" width=\"12\" height=\"12\" fill=\"none\" viewBox=\"0 0 12 12\">\n\t\t\t\t<path fill=\"#fff\" d=\"M2 0a2 2 0 0 0-2 2v2h1.5V2a.5.5 0 0 1 .5-.5h2V0H2Zm2 10.5H2a.5.5 0 0 1-.5-.5V8H0v2a2 2 0 0 0 2 2h2v-1.5ZM8 12v-1.5h2a.5.5 0 0 0 .5-.5V8H12v2a2 2 0 0 1-2 2H8Zm2-12a2 2 0 0 1 2 2v2h-1.5V2a.5.5 0 0 0-.5-.5H8V0h2Z\" \/>\n\t\t\t<\/svg>\n\t\t<\/button><\/figure>\n\n\n\n<figure data-wp-context=\"{&quot;imageId&quot;:&quot;69e3816e0f708&quot;}\" data-wp-interactive=\"core\/image\" data-wp-key=\"69e3816e0f708\" class=\"wp-block-image size-large wp-lightbox-container\"><img loading=\"lazy\" decoding=\"async\" width=\"478\" height=\"1024\" data-wp-class--hide=\"state.isContentHidden\" data-wp-class--show=\"state.isContentVisible\" data-wp-init=\"callbacks.setButtonStyles\" data-wp-on--click=\"actions.showLightbox\" data-wp-on--load=\"callbacks.setButtonStyles\" data-wp-on-window--resize=\"callbacks.setButtonStyles\" data-id=\"204\" src=\"https:\/\/knock-down.pl\/wp-content\/uploads\/2025\/08\/ETGPE9374-1-478x1024.jpg\" alt=\"\" class=\"wp-image-204\" srcset=\"https:\/\/knock-down.pl\/wp-content\/uploads\/2025\/08\/ETGPE9374-1-478x1024.jpg 478w, https:\/\/knock-down.pl\/wp-content\/uploads\/2025\/08\/ETGPE9374-1-140x300.jpg 140w, https:\/\/knock-down.pl\/wp-content\/uploads\/2025\/08\/ETGPE9374-1-768x1645.jpg 768w, https:\/\/knock-down.pl\/wp-content\/uploads\/2025\/08\/ETGPE9374-1-717x1536.jpg 717w, https:\/\/knock-down.pl\/wp-content\/uploads\/2025\/08\/ETGPE9374-1-956x2048.jpg 956w, https:\/\/knock-down.pl\/wp-content\/uploads\/2025\/08\/ETGPE9374-1-scaled.jpg 1196w\" sizes=\"(max-width: 478px) 100vw, 478px\" \/><button\n\t\t\tclass=\"lightbox-trigger\"\n\t\t\ttype=\"button\"\n\t\t\taria-haspopup=\"dialog\"\n\t\t\taria-label=\"Enlarge\"\n\t\t\tdata-wp-init=\"callbacks.initTriggerButton\"\n\t\t\tdata-wp-on--click=\"actions.showLightbox\"\n\t\t\tdata-wp-style--right=\"state.imageButtonRight\"\n\t\t\tdata-wp-style--top=\"state.imageButtonTop\"\n\t\t>\n\t\t\t<svg xmlns=\"http:\/\/www.w3.org\/2000\/svg\" width=\"12\" height=\"12\" fill=\"none\" viewBox=\"0 0 12 12\">\n\t\t\t\t<path fill=\"#fff\" d=\"M2 0a2 2 0 0 0-2 2v2h1.5V2a.5.5 0 0 1 .5-.5h2V0H2Zm2 10.5H2a.5.5 0 0 1-.5-.5V8H0v2a2 2 0 0 0 2 2h2v-1.5ZM8 12v-1.5h2a.5.5 0 0 0 .5-.5V8H12v2a2 2 0 0 1-2 2H8Zm2-12a2 2 0 0 1 2 2v2h-1.5V2a.5.5 0 0 0-.5-.5H8V0h2Z\" \/>\n\t\t\t<\/svg>\n\t\t<\/button><\/figure>\n\n\n\n<figure data-wp-context=\"{&quot;imageId&quot;:&quot;69e3816e0fbbd&quot;}\" data-wp-interactive=\"core\/image\" data-wp-key=\"69e3816e0fbbd\" class=\"wp-block-image size-large wp-lightbox-container\"><img loading=\"lazy\" decoding=\"async\" width=\"478\" height=\"1024\" data-wp-class--hide=\"state.isContentHidden\" data-wp-class--show=\"state.isContentVisible\" data-wp-init=\"callbacks.setButtonStyles\" data-wp-on--click=\"actions.showLightbox\" data-wp-on--load=\"callbacks.setButtonStyles\" data-wp-on-window--resize=\"callbacks.setButtonStyles\" data-id=\"205\" src=\"https:\/\/knock-down.pl\/wp-content\/uploads\/2025\/08\/RGRPE8645-478x1024.jpg\" alt=\"\" class=\"wp-image-205\" srcset=\"https:\/\/knock-down.pl\/wp-content\/uploads\/2025\/08\/RGRPE8645-478x1024.jpg 478w, https:\/\/knock-down.pl\/wp-content\/uploads\/2025\/08\/RGRPE8645-140x300.jpg 140w, https:\/\/knock-down.pl\/wp-content\/uploads\/2025\/08\/RGRPE8645-768x1645.jpg 768w, https:\/\/knock-down.pl\/wp-content\/uploads\/2025\/08\/RGRPE8645-717x1536.jpg 717w, https:\/\/knock-down.pl\/wp-content\/uploads\/2025\/08\/RGRPE8645-956x2048.jpg 956w, https:\/\/knock-down.pl\/wp-content\/uploads\/2025\/08\/RGRPE8645-scaled.jpg 1196w\" sizes=\"(max-width: 478px) 100vw, 478px\" \/><button\n\t\t\tclass=\"lightbox-trigger\"\n\t\t\ttype=\"button\"\n\t\t\taria-haspopup=\"dialog\"\n\t\t\taria-label=\"Enlarge\"\n\t\t\tdata-wp-init=\"callbacks.initTriggerButton\"\n\t\t\tdata-wp-on--click=\"actions.showLightbox\"\n\t\t\tdata-wp-style--right=\"state.imageButtonRight\"\n\t\t\tdata-wp-style--top=\"state.imageButtonTop\"\n\t\t>\n\t\t\t<svg xmlns=\"http:\/\/www.w3.org\/2000\/svg\" width=\"12\" height=\"12\" fill=\"none\" viewBox=\"0 0 12 12\">\n\t\t\t\t<path fill=\"#fff\" d=\"M2 0a2 2 0 0 0-2 2v2h1.5V2a.5.5 0 0 1 .5-.5h2V0H2Zm2 10.5H2a.5.5 0 0 1-.5-.5V8H0v2a2 2 0 0 0 2 2h2v-1.5ZM8 12v-1.5h2a.5.5 0 0 0 .5-.5V8H12v2a2 2 0 0 1-2 2H8Zm2-12a2 2 0 0 1 2 2v2h-1.5V2a.5.5 0 0 0-.5-.5H8V0h2Z\" \/>\n\t\t\t<\/svg>\n\t\t<\/button><\/figure>\n<\/figure>\n\n\n\n<figure class=\"wp-block-gallery has-nested-images columns-default is-cropped wp-block-gallery-3 is-layout-flex wp-block-gallery-is-layout-flex\">\n<figure class=\"wp-block-image size-large\"><img loading=\"lazy\" decoding=\"async\" width=\"768\" height=\"1024\" data-id=\"207\" src=\"https:\/\/knock-down.pl\/wp-content\/uploads\/2025\/08\/XVGPE2800-768x1024.jpg\" alt=\"\" class=\"wp-image-207\" srcset=\"https:\/\/knock-down.pl\/wp-content\/uploads\/2025\/08\/XVGPE2800-768x1024.jpg 768w, https:\/\/knock-down.pl\/wp-content\/uploads\/2025\/08\/XVGPE2800-225x300.jpg 225w, https:\/\/knock-down.pl\/wp-content\/uploads\/2025\/08\/XVGPE2800-1152x1536.jpg 1152w, https:\/\/knock-down.pl\/wp-content\/uploads\/2025\/08\/XVGPE2800-1536x2048.jpg 1536w, https:\/\/knock-down.pl\/wp-content\/uploads\/2025\/08\/XVGPE2800-scaled.jpg 1920w\" sizes=\"(max-width: 768px) 100vw, 768px\" \/><\/figure>\n<\/figure>\n\n\n\n<figure class=\"wp-block-gallery has-nested-images columns-default is-cropped wp-block-gallery-4 is-layout-flex wp-block-gallery-is-layout-flex\">\n<figure data-wp-context=\"{&quot;imageId&quot;:&quot;69e3816e10310&quot;}\" data-wp-interactive=\"core\/image\" data-wp-key=\"69e3816e10310\" class=\"wp-block-image size-large wp-lightbox-container\"><img loading=\"lazy\" decoding=\"async\" width=\"768\" height=\"1024\" data-wp-class--hide=\"state.isContentHidden\" data-wp-class--show=\"state.isContentVisible\" data-wp-init=\"callbacks.setButtonStyles\" data-wp-on--click=\"actions.showLightbox\" data-wp-on--load=\"callbacks.setButtonStyles\" data-wp-on-window--resize=\"callbacks.setButtonStyles\" data-id=\"213\" src=\"https:\/\/knock-down.pl\/wp-content\/uploads\/2025\/08\/GLCLE6751-1-768x1024.jpg\" alt=\"\" class=\"wp-image-213\" srcset=\"https:\/\/knock-down.pl\/wp-content\/uploads\/2025\/08\/GLCLE6751-1-768x1024.jpg 768w, https:\/\/knock-down.pl\/wp-content\/uploads\/2025\/08\/GLCLE6751-1-225x300.jpg 225w, https:\/\/knock-down.pl\/wp-content\/uploads\/2025\/08\/GLCLE6751-1-1152x1536.jpg 1152w, https:\/\/knock-down.pl\/wp-content\/uploads\/2025\/08\/GLCLE6751-1-1536x2048.jpg 1536w, https:\/\/knock-down.pl\/wp-content\/uploads\/2025\/08\/GLCLE6751-1-scaled.jpg 1920w\" sizes=\"(max-width: 768px) 100vw, 768px\" \/><button\n\t\t\tclass=\"lightbox-trigger\"\n\t\t\ttype=\"button\"\n\t\t\taria-haspopup=\"dialog\"\n\t\t\taria-label=\"Enlarge\"\n\t\t\tdata-wp-init=\"callbacks.initTriggerButton\"\n\t\t\tdata-wp-on--click=\"actions.showLightbox\"\n\t\t\tdata-wp-style--right=\"state.imageButtonRight\"\n\t\t\tdata-wp-style--top=\"state.imageButtonTop\"\n\t\t>\n\t\t\t<svg xmlns=\"http:\/\/www.w3.org\/2000\/svg\" width=\"12\" height=\"12\" fill=\"none\" viewBox=\"0 0 12 12\">\n\t\t\t\t<path fill=\"#fff\" d=\"M2 0a2 2 0 0 0-2 2v2h1.5V2a.5.5 0 0 1 .5-.5h2V0H2Zm2 10.5H2a.5.5 0 0 1-.5-.5V8H0v2a2 2 0 0 0 2 2h2v-1.5ZM8 12v-1.5h2a.5.5 0 0 0 .5-.5V8H12v2a2 2 0 0 1-2 2H8Zm2-12a2 2 0 0 1 2 2v2h-1.5V2a.5.5 0 0 0-.5-.5H8V0h2Z\" \/>\n\t\t\t<\/svg>\n\t\t<\/button><\/figure>\n\n\n\n<figure data-wp-context=\"{&quot;imageId&quot;:&quot;69e3816e107c9&quot;}\" data-wp-interactive=\"core\/image\" data-wp-key=\"69e3816e107c9\" class=\"wp-block-image size-large wp-lightbox-container\"><img loading=\"lazy\" decoding=\"async\" width=\"768\" height=\"1024\" data-wp-class--hide=\"state.isContentHidden\" data-wp-class--show=\"state.isContentVisible\" data-wp-init=\"callbacks.setButtonStyles\" data-wp-on--click=\"actions.showLightbox\" data-wp-on--load=\"callbacks.setButtonStyles\" data-wp-on-window--resize=\"callbacks.setButtonStyles\" data-id=\"210\" src=\"https:\/\/knock-down.pl\/wp-content\/uploads\/2025\/08\/INDGE1340-768x1024.jpg\" alt=\"\" class=\"wp-image-210\" srcset=\"https:\/\/knock-down.pl\/wp-content\/uploads\/2025\/08\/INDGE1340-768x1024.jpg 768w, https:\/\/knock-down.pl\/wp-content\/uploads\/2025\/08\/INDGE1340-225x300.jpg 225w, https:\/\/knock-down.pl\/wp-content\/uploads\/2025\/08\/INDGE1340-1152x1536.jpg 1152w, https:\/\/knock-down.pl\/wp-content\/uploads\/2025\/08\/INDGE1340-1536x2048.jpg 1536w, https:\/\/knock-down.pl\/wp-content\/uploads\/2025\/08\/INDGE1340-scaled.jpg 1920w\" sizes=\"(max-width: 768px) 100vw, 768px\" \/><button\n\t\t\tclass=\"lightbox-trigger\"\n\t\t\ttype=\"button\"\n\t\t\taria-haspopup=\"dialog\"\n\t\t\taria-label=\"Enlarge\"\n\t\t\tdata-wp-init=\"callbacks.initTriggerButton\"\n\t\t\tdata-wp-on--click=\"actions.showLightbox\"\n\t\t\tdata-wp-style--right=\"state.imageButtonRight\"\n\t\t\tdata-wp-style--top=\"state.imageButtonTop\"\n\t\t>\n\t\t\t<svg xmlns=\"http:\/\/www.w3.org\/2000\/svg\" width=\"12\" height=\"12\" fill=\"none\" viewBox=\"0 0 12 12\">\n\t\t\t\t<path fill=\"#fff\" d=\"M2 0a2 2 0 0 0-2 2v2h1.5V2a.5.5 0 0 1 .5-.5h2V0H2Zm2 10.5H2a.5.5 0 0 1-.5-.5V8H0v2a2 2 0 0 0 2 2h2v-1.5ZM8 12v-1.5h2a.5.5 0 0 0 .5-.5V8H12v2a2 2 0 0 1-2 2H8Zm2-12a2 2 0 0 1 2 2v2h-1.5V2a.5.5 0 0 0-.5-.5H8V0h2Z\" \/>\n\t\t\t<\/svg>\n\t\t<\/button><\/figure>\n\n\n\n<figure data-wp-context=\"{&quot;imageId&quot;:&quot;69e3816e10cf8&quot;}\" data-wp-interactive=\"core\/image\" data-wp-key=\"69e3816e10cf8\" class=\"wp-block-image size-large wp-lightbox-container\"><img loading=\"lazy\" decoding=\"async\" width=\"768\" height=\"1024\" data-wp-class--hide=\"state.isContentHidden\" data-wp-class--show=\"state.isContentVisible\" data-wp-init=\"callbacks.setButtonStyles\" data-wp-on--click=\"actions.showLightbox\" data-wp-on--load=\"callbacks.setButtonStyles\" data-wp-on-window--resize=\"callbacks.setButtonStyles\" data-id=\"209\" src=\"https:\/\/knock-down.pl\/wp-content\/uploads\/2025\/08\/OIQBE1569-768x1024.jpg\" alt=\"\" class=\"wp-image-209\" srcset=\"https:\/\/knock-down.pl\/wp-content\/uploads\/2025\/08\/OIQBE1569-768x1024.jpg 768w, https:\/\/knock-down.pl\/wp-content\/uploads\/2025\/08\/OIQBE1569-225x300.jpg 225w, https:\/\/knock-down.pl\/wp-content\/uploads\/2025\/08\/OIQBE1569-1152x1536.jpg 1152w, https:\/\/knock-down.pl\/wp-content\/uploads\/2025\/08\/OIQBE1569-1536x2048.jpg 1536w, https:\/\/knock-down.pl\/wp-content\/uploads\/2025\/08\/OIQBE1569-scaled.jpg 1920w\" sizes=\"(max-width: 768px) 100vw, 768px\" \/><button\n\t\t\tclass=\"lightbox-trigger\"\n\t\t\ttype=\"button\"\n\t\t\taria-haspopup=\"dialog\"\n\t\t\taria-label=\"Enlarge\"\n\t\t\tdata-wp-init=\"callbacks.initTriggerButton\"\n\t\t\tdata-wp-on--click=\"actions.showLightbox\"\n\t\t\tdata-wp-style--right=\"state.imageButtonRight\"\n\t\t\tdata-wp-style--top=\"state.imageButtonTop\"\n\t\t>\n\t\t\t<svg xmlns=\"http:\/\/www.w3.org\/2000\/svg\" width=\"12\" height=\"12\" fill=\"none\" viewBox=\"0 0 12 12\">\n\t\t\t\t<path fill=\"#fff\" d=\"M2 0a2 2 0 0 0-2 2v2h1.5V2a.5.5 0 0 1 .5-.5h2V0H2Zm2 10.5H2a.5.5 0 0 1-.5-.5V8H0v2a2 2 0 0 0 2 2h2v-1.5ZM8 12v-1.5h2a.5.5 0 0 0 .5-.5V8H12v2a2 2 0 0 1-2 2H8Zm2-12a2 2 0 0 1 2 2v2h-1.5V2a.5.5 0 0 0-.5-.5H8V0h2Z\" \/>\n\t\t\t<\/svg>\n\t\t<\/button><\/figure>\n\n\n\n<figure data-wp-context=\"{&quot;imageId&quot;:&quot;69e3816e11162&quot;}\" data-wp-interactive=\"core\/image\" data-wp-key=\"69e3816e11162\" class=\"wp-block-image size-large wp-lightbox-container\"><img loading=\"lazy\" decoding=\"async\" width=\"478\" height=\"1024\" data-wp-class--hide=\"state.isContentHidden\" data-wp-class--show=\"state.isContentVisible\" data-wp-init=\"callbacks.setButtonStyles\" data-wp-on--click=\"actions.showLightbox\" data-wp-on--load=\"callbacks.setButtonStyles\" data-wp-on-window--resize=\"callbacks.setButtonStyles\" data-id=\"212\" src=\"https:\/\/knock-down.pl\/wp-content\/uploads\/2025\/08\/SQINE0571-478x1024.jpg\" alt=\"\" class=\"wp-image-212\" srcset=\"https:\/\/knock-down.pl\/wp-content\/uploads\/2025\/08\/SQINE0571-478x1024.jpg 478w, https:\/\/knock-down.pl\/wp-content\/uploads\/2025\/08\/SQINE0571-140x300.jpg 140w, https:\/\/knock-down.pl\/wp-content\/uploads\/2025\/08\/SQINE0571-768x1645.jpg 768w, https:\/\/knock-down.pl\/wp-content\/uploads\/2025\/08\/SQINE0571-717x1536.jpg 717w, https:\/\/knock-down.pl\/wp-content\/uploads\/2025\/08\/SQINE0571-956x2048.jpg 956w, https:\/\/knock-down.pl\/wp-content\/uploads\/2025\/08\/SQINE0571-scaled.jpg 1196w\" sizes=\"(max-width: 478px) 100vw, 478px\" \/><button\n\t\t\tclass=\"lightbox-trigger\"\n\t\t\ttype=\"button\"\n\t\t\taria-haspopup=\"dialog\"\n\t\t\taria-label=\"Enlarge\"\n\t\t\tdata-wp-init=\"callbacks.initTriggerButton\"\n\t\t\tdata-wp-on--click=\"actions.showLightbox\"\n\t\t\tdata-wp-style--right=\"state.imageButtonRight\"\n\t\t\tdata-wp-style--top=\"state.imageButtonTop\"\n\t\t>\n\t\t\t<svg xmlns=\"http:\/\/www.w3.org\/2000\/svg\" width=\"12\" height=\"12\" fill=\"none\" viewBox=\"0 0 12 12\">\n\t\t\t\t<path fill=\"#fff\" d=\"M2 0a2 2 0 0 0-2 2v2h1.5V2a.5.5 0 0 1 .5-.5h2V0H2Zm2 10.5H2a.5.5 0 0 1-.5-.5V8H0v2a2 2 0 0 0 2 2h2v-1.5ZM8 12v-1.5h2a.5.5 0 0 0 .5-.5V8H12v2a2 2 0 0 1-2 2H8Zm2-12a2 2 0 0 1 2 2v2h-1.5V2a.5.5 0 0 0-.5-.5H8V0h2Z\" \/>\n\t\t\t<\/svg>\n\t\t<\/button><\/figure>\n\n\n\n<figure data-wp-context=\"{&quot;imageId&quot;:&quot;69e3816e11601&quot;}\" data-wp-interactive=\"core\/image\" data-wp-key=\"69e3816e11601\" class=\"wp-block-image size-large wp-lightbox-container\"><img loading=\"lazy\" decoding=\"async\" width=\"768\" height=\"1024\" data-wp-class--hide=\"state.isContentHidden\" data-wp-class--show=\"state.isContentVisible\" data-wp-init=\"callbacks.setButtonStyles\" data-wp-on--click=\"actions.showLightbox\" data-wp-on--load=\"callbacks.setButtonStyles\" data-wp-on-window--resize=\"callbacks.setButtonStyles\" data-id=\"211\" src=\"https:\/\/knock-down.pl\/wp-content\/uploads\/2025\/08\/TGXDE6291-768x1024.jpg\" alt=\"\" class=\"wp-image-211\" srcset=\"https:\/\/knock-down.pl\/wp-content\/uploads\/2025\/08\/TGXDE6291-768x1024.jpg 768w, https:\/\/knock-down.pl\/wp-content\/uploads\/2025\/08\/TGXDE6291-225x300.jpg 225w, https:\/\/knock-down.pl\/wp-content\/uploads\/2025\/08\/TGXDE6291-1152x1536.jpg 1152w, https:\/\/knock-down.pl\/wp-content\/uploads\/2025\/08\/TGXDE6291-1536x2048.jpg 1536w, https:\/\/knock-down.pl\/wp-content\/uploads\/2025\/08\/TGXDE6291-scaled.jpg 1920w\" sizes=\"(max-width: 768px) 100vw, 768px\" \/><button\n\t\t\tclass=\"lightbox-trigger\"\n\t\t\ttype=\"button\"\n\t\t\taria-haspopup=\"dialog\"\n\t\t\taria-label=\"Enlarge\"\n\t\t\tdata-wp-init=\"callbacks.initTriggerButton\"\n\t\t\tdata-wp-on--click=\"actions.showLightbox\"\n\t\t\tdata-wp-style--right=\"state.imageButtonRight\"\n\t\t\tdata-wp-style--top=\"state.imageButtonTop\"\n\t\t>\n\t\t\t<svg xmlns=\"http:\/\/www.w3.org\/2000\/svg\" width=\"12\" height=\"12\" fill=\"none\" viewBox=\"0 0 12 12\">\n\t\t\t\t<path fill=\"#fff\" d=\"M2 0a2 2 0 0 0-2 2v2h1.5V2a.5.5 0 0 1 .5-.5h2V0H2Zm2 10.5H2a.5.5 0 0 1-.5-.5V8H0v2a2 2 0 0 0 2 2h2v-1.5ZM8 12v-1.5h2a.5.5 0 0 0 .5-.5V8H12v2a2 2 0 0 1-2 2H8Zm2-12a2 2 0 0 1 2 2v2h-1.5V2a.5.5 0 0 0-.5-.5H8V0h2Z\" \/>\n\t\t\t<\/svg>\n\t\t<\/button><\/figure>\n\n\n\n<figure data-wp-context=\"{&quot;imageId&quot;:&quot;69e3816e11abb&quot;}\" data-wp-interactive=\"core\/image\" data-wp-key=\"69e3816e11abb\" class=\"wp-block-image size-large wp-lightbox-container\"><img loading=\"lazy\" decoding=\"async\" width=\"768\" height=\"1024\" data-wp-class--hide=\"state.isContentHidden\" data-wp-class--show=\"state.isContentVisible\" data-wp-init=\"callbacks.setButtonStyles\" data-wp-on--click=\"actions.showLightbox\" data-wp-on--load=\"callbacks.setButtonStyles\" data-wp-on-window--resize=\"callbacks.setButtonStyles\" data-id=\"215\" src=\"https:\/\/knock-down.pl\/wp-content\/uploads\/2025\/08\/UORSE3179-768x1024.jpg\" alt=\"\" class=\"wp-image-215\" srcset=\"https:\/\/knock-down.pl\/wp-content\/uploads\/2025\/08\/UORSE3179-768x1024.jpg 768w, https:\/\/knock-down.pl\/wp-content\/uploads\/2025\/08\/UORSE3179-225x300.jpg 225w, https:\/\/knock-down.pl\/wp-content\/uploads\/2025\/08\/UORSE3179-1152x1536.jpg 1152w, https:\/\/knock-down.pl\/wp-content\/uploads\/2025\/08\/UORSE3179-1536x2048.jpg 1536w, https:\/\/knock-down.pl\/wp-content\/uploads\/2025\/08\/UORSE3179-scaled.jpg 1920w\" sizes=\"(max-width: 768px) 100vw, 768px\" \/><button\n\t\t\tclass=\"lightbox-trigger\"\n\t\t\ttype=\"button\"\n\t\t\taria-haspopup=\"dialog\"\n\t\t\taria-label=\"Enlarge\"\n\t\t\tdata-wp-init=\"callbacks.initTriggerButton\"\n\t\t\tdata-wp-on--click=\"actions.showLightbox\"\n\t\t\tdata-wp-style--right=\"state.imageButtonRight\"\n\t\t\tdata-wp-style--top=\"state.imageButtonTop\"\n\t\t>\n\t\t\t<svg xmlns=\"http:\/\/www.w3.org\/2000\/svg\" width=\"12\" height=\"12\" fill=\"none\" viewBox=\"0 0 12 12\">\n\t\t\t\t<path fill=\"#fff\" d=\"M2 0a2 2 0 0 0-2 2v2h1.5V2a.5.5 0 0 1 .5-.5h2V0H2Zm2 10.5H2a.5.5 0 0 1-.5-.5V8H0v2a2 2 0 0 0 2 2h2v-1.5ZM8 12v-1.5h2a.5.5 0 0 0 .5-.5V8H12v2a2 2 0 0 1-2 2H8Zm2-12a2 2 0 0 1 2 2v2h-1.5V2a.5.5 0 0 0-.5-.5H8V0h2Z\" \/>\n\t\t\t<\/svg>\n\t\t<\/button><\/figure>\n\n\n\n<figure class=\"wp-block-image size-large\"><img loading=\"lazy\" decoding=\"async\" width=\"478\" height=\"1024\" data-id=\"214\" src=\"https:\/\/knock-down.pl\/wp-content\/uploads\/2025\/08\/WFXYE1426-478x1024.jpg\" alt=\"\" class=\"wp-image-214\" srcset=\"https:\/\/knock-down.pl\/wp-content\/uploads\/2025\/08\/WFXYE1426-478x1024.jpg 478w, https:\/\/knock-down.pl\/wp-content\/uploads\/2025\/08\/WFXYE1426-140x300.jpg 140w, https:\/\/knock-down.pl\/wp-content\/uploads\/2025\/08\/WFXYE1426-768x1645.jpg 768w, https:\/\/knock-down.pl\/wp-content\/uploads\/2025\/08\/WFXYE1426-717x1536.jpg 717w, https:\/\/knock-down.pl\/wp-content\/uploads\/2025\/08\/WFXYE1426-956x2048.jpg 956w, https:\/\/knock-down.pl\/wp-content\/uploads\/2025\/08\/WFXYE1426-scaled.jpg 1196w\" sizes=\"(max-width: 478px) 100vw, 478px\" \/><\/figure>\n<\/figure>\n","protected":false},"excerpt":{"rendered":"<p>Wykonujemy wszelkie prace stolarskie zar\u00f3wno z u\u017cyciem materia\u0142\u00f3w prefabrykowanych jak i surowego drewna oraz innych materia\u0142\u00f3w. Kilka ostatnich realizacji.<\/p>\n","protected":false},"author":1,"featured_media":0,"parent":0,"menu_order":0,"comment_status":"closed","ping_status":"closed","template":"","meta":{"footnotes":""},"class_list":["post-141","page","type-page","status-publish","hentry"],"_links":{"self":[{"href":"https:\/\/knock-down.pl\/index.php?rest_route=\/wp\/v2\/pages\/141","targetHints":{"allow":["GET"]}}],"collection":[{"href":"https:\/\/knock-down.pl\/index.php?rest_route=\/wp\/v2\/pages"}],"about":[{"href":"https:\/\/knock-down.pl\/index.php?rest_route=\/wp\/v2\/types\/page"}],"author":[{"embeddable":true,"href":"https:\/\/knock-down.pl\/index.php?rest_route=\/wp\/v2\/users\/1"}],"replies":[{"embeddable":true,"href":"https:\/\/knock-down.pl\/index.php?rest_route=%2Fwp%2Fv2%2Fcomments&post=141"}],"version-history":[{"count":10,"href":"https:\/\/knock-down.pl\/index.php?rest_route=\/wp\/v2\/pages\/141\/revisions"}],"predecessor-version":[{"id":288,"href":"https:\/\/knock-down.pl\/index.php?rest_route=\/wp\/v2\/pages\/141\/revisions\/288"}],"wp:attachment":[{"href":"https:\/\/knock-down.pl\/index.php?rest_route=%2Fwp%2Fv2%2Fmedia&parent=141"}],"curies":[{"name":"wp","href":"https:\/\/api.w.org\/{rel}","templated":true}]}}