{"id":2,"date":"2025-08-11T21:58:39","date_gmt":"2025-08-11T19:58:39","guid":{"rendered":"http:\/\/knock-down.pl\/?page_id=2"},"modified":"2025-08-12T23:10:16","modified_gmt":"2025-08-12T21:10:16","slug":"przykladowa-strona","status":"publish","type":"page","link":"https:\/\/knock-down.pl\/?page_id=2","title":{"rendered":"Knockdown"},"content":{"rendered":"\n<p>Tekstura Knockdown to styl wyko\u0144czenia p\u0142yt gipsowo-kartonowych lub tynk\u00f3w. Jest to tekstura plamista, charakteryzuj\u0105ca si\u0119 wi\u0119ksz\u0105 liczb\u0105 zmian tekstury ni\u017c proste wyko\u0144czenie p\u0142askie, ale mniejsz\u0105 ni\u017c tekstura baranka czy popcornu. Mocne wyko\u0144czenie Knockdown nak\u0142ada si\u0119 natryskowo.<\/p>\n\n\n\n<p>Tekstura ta to jeden z najlepszych sposob\u00f3w na ukrycie niedoskona\u0142o\u015bci, kt\u00f3re mog\u0105 pojawi\u0107 si\u0119 podczas monta\u017cu p\u0142yt gipsowo-kartonowych, a tak\u017ce  w przypadku starych, nier\u00f3wnych tynk\u00f3w.<\/p>\n\n\n\n<p><\/p>\n\n\n\n<figure data-wp-context=\"{&quot;imageId&quot;:&quot;69e381af04a25&quot;}\" data-wp-interactive=\"core\/image\" data-wp-key=\"69e381af04a25\" class=\"wp-block-image size-full wp-lightbox-container\"><img fetchpriority=\"high\" decoding=\"async\" width=\"1024\" height=\"683\" data-wp-class--hide=\"state.isContentHidden\" data-wp-class--show=\"state.isContentVisible\" data-wp-init=\"callbacks.setButtonStyles\" data-wp-on--click=\"actions.showLightbox\" data-wp-on--load=\"callbacks.setButtonStyles\" data-wp-on-window--resize=\"callbacks.setButtonStyles\" src=\"https:\/\/knock-down.pl\/wp-content\/uploads\/2025\/08\/Drywall-texture-1024x683-3.png\" alt=\"\" class=\"wp-image-53\" srcset=\"https:\/\/knock-down.pl\/wp-content\/uploads\/2025\/08\/Drywall-texture-1024x683-3.png 1024w, https:\/\/knock-down.pl\/wp-content\/uploads\/2025\/08\/Drywall-texture-1024x683-3-300x200.png 300w, https:\/\/knock-down.pl\/wp-content\/uploads\/2025\/08\/Drywall-texture-1024x683-3-768x512.png 768w\" sizes=\"(max-width: 1024px) 100vw, 1024px\" \/><button\n\t\t\tclass=\"lightbox-trigger\"\n\t\t\ttype=\"button\"\n\t\t\taria-haspopup=\"dialog\"\n\t\t\taria-label=\"Enlarge\"\n\t\t\tdata-wp-init=\"callbacks.initTriggerButton\"\n\t\t\tdata-wp-on--click=\"actions.showLightbox\"\n\t\t\tdata-wp-style--right=\"state.imageButtonRight\"\n\t\t\tdata-wp-style--top=\"state.imageButtonTop\"\n\t\t>\n\t\t\t<svg xmlns=\"http:\/\/www.w3.org\/2000\/svg\" width=\"12\" height=\"12\" fill=\"none\" viewBox=\"0 0 12 12\">\n\t\t\t\t<path fill=\"#fff\" d=\"M2 0a2 2 0 0 0-2 2v2h1.5V2a.5.5 0 0 1 .5-.5h2V0H2Zm2 10.5H2a.5.5 0 0 1-.5-.5V8H0v2a2 2 0 0 0 2 2h2v-1.5ZM8 12v-1.5h2a.5.5 0 0 0 .5-.5V8H12v2a2 2 0 0 1-2 2H8Zm2-12a2 2 0 0 1 2 2v2h-1.5V2a.5.5 0 0 0-.5-.5H8V0h2Z\" \/>\n\t\t\t<\/svg>\n\t\t<\/button><\/figure>\n\n\n\n<figure class=\"wp-block-gallery has-nested-images columns-default is-cropped wp-block-gallery-1 is-layout-flex wp-block-gallery-is-layout-flex\">\n<figure data-wp-context=\"{&quot;imageId&quot;:&quot;69e381af04efe&quot;}\" data-wp-interactive=\"core\/image\" data-wp-key=\"69e381af04efe\" class=\"wp-block-image size-large wp-lightbox-container\"><img decoding=\"async\" width=\"1024\" height=\"683\" data-wp-class--hide=\"state.isContentHidden\" data-wp-class--show=\"state.isContentVisible\" data-wp-init=\"callbacks.setButtonStyles\" data-wp-on--click=\"actions.showLightbox\" data-wp-on--load=\"callbacks.setButtonStyles\" data-wp-on-window--resize=\"callbacks.setButtonStyles\" data-id=\"57\" src=\"https:\/\/knock-down.pl\/wp-content\/uploads\/2025\/08\/Drywall-texture-1024x683-4.png\" alt=\"\" class=\"wp-image-57\" srcset=\"https:\/\/knock-down.pl\/wp-content\/uploads\/2025\/08\/Drywall-texture-1024x683-4.png 1024w, https:\/\/knock-down.pl\/wp-content\/uploads\/2025\/08\/Drywall-texture-1024x683-4-300x200.png 300w, https:\/\/knock-down.pl\/wp-content\/uploads\/2025\/08\/Drywall-texture-1024x683-4-768x512.png 768w\" sizes=\"(max-width: 1024px) 100vw, 1024px\" \/><button\n\t\t\tclass=\"lightbox-trigger\"\n\t\t\ttype=\"button\"\n\t\t\taria-haspopup=\"dialog\"\n\t\t\taria-label=\"Enlarge\"\n\t\t\tdata-wp-init=\"callbacks.initTriggerButton\"\n\t\t\tdata-wp-on--click=\"actions.showLightbox\"\n\t\t\tdata-wp-style--right=\"state.imageButtonRight\"\n\t\t\tdata-wp-style--top=\"state.imageButtonTop\"\n\t\t>\n\t\t\t<svg xmlns=\"http:\/\/www.w3.org\/2000\/svg\" width=\"12\" height=\"12\" fill=\"none\" viewBox=\"0 0 12 12\">\n\t\t\t\t<path fill=\"#fff\" d=\"M2 0a2 2 0 0 0-2 2v2h1.5V2a.5.5 0 0 1 .5-.5h2V0H2Zm2 10.5H2a.5.5 0 0 1-.5-.5V8H0v2a2 2 0 0 0 2 2h2v-1.5ZM8 12v-1.5h2a.5.5 0 0 0 .5-.5V8H12v2a2 2 0 0 1-2 2H8Zm2-12a2 2 0 0 1 2 2v2h-1.5V2a.5.5 0 0 0-.5-.5H8V0h2Z\" \/>\n\t\t\t<\/svg>\n\t\t<\/button><\/figure>\n\n\n\n<figure data-wp-context=\"{&quot;imageId&quot;:&quot;69e381af0533f&quot;}\" data-wp-interactive=\"core\/image\" data-wp-key=\"69e381af0533f\" class=\"wp-block-image size-large wp-lightbox-container\"><img decoding=\"async\" width=\"768\" height=\"1024\" data-wp-class--hide=\"state.isContentHidden\" data-wp-class--show=\"state.isContentVisible\" data-wp-init=\"callbacks.setButtonStyles\" data-wp-on--click=\"actions.showLightbox\" data-wp-on--load=\"callbacks.setButtonStyles\" data-wp-on-window--resize=\"callbacks.setButtonStyles\" data-id=\"58\" src=\"https:\/\/knock-down.pl\/wp-content\/uploads\/2025\/08\/recreating-this-wall-texture-v0-87yc3d9t1nre1-1-768x1024.webp\" alt=\"\" class=\"wp-image-58\" srcset=\"https:\/\/knock-down.pl\/wp-content\/uploads\/2025\/08\/recreating-this-wall-texture-v0-87yc3d9t1nre1-1-768x1024.webp 768w, https:\/\/knock-down.pl\/wp-content\/uploads\/2025\/08\/recreating-this-wall-texture-v0-87yc3d9t1nre1-1-225x300.webp 225w, https:\/\/knock-down.pl\/wp-content\/uploads\/2025\/08\/recreating-this-wall-texture-v0-87yc3d9t1nre1-1.webp 1080w\" sizes=\"(max-width: 768px) 100vw, 768px\" \/><button\n\t\t\tclass=\"lightbox-trigger\"\n\t\t\ttype=\"button\"\n\t\t\taria-haspopup=\"dialog\"\n\t\t\taria-label=\"Enlarge\"\n\t\t\tdata-wp-init=\"callbacks.initTriggerButton\"\n\t\t\tdata-wp-on--click=\"actions.showLightbox\"\n\t\t\tdata-wp-style--right=\"state.imageButtonRight\"\n\t\t\tdata-wp-style--top=\"state.imageButtonTop\"\n\t\t>\n\t\t\t<svg xmlns=\"http:\/\/www.w3.org\/2000\/svg\" width=\"12\" height=\"12\" fill=\"none\" viewBox=\"0 0 12 12\">\n\t\t\t\t<path fill=\"#fff\" d=\"M2 0a2 2 0 0 0-2 2v2h1.5V2a.5.5 0 0 1 .5-.5h2V0H2Zm2 10.5H2a.5.5 0 0 1-.5-.5V8H0v2a2 2 0 0 0 2 2h2v-1.5ZM8 12v-1.5h2a.5.5 0 0 0 .5-.5V8H12v2a2 2 0 0 1-2 2H8Zm2-12a2 2 0 0 1 2 2v2h-1.5V2a.5.5 0 0 0-.5-.5H8V0h2Z\" \/>\n\t\t\t<\/svg>\n\t\t<\/button><\/figure>\n<\/figure>\n","protected":false},"excerpt":{"rendered":"<p>Tekstura Knockdown to styl wyko\u0144czenia p\u0142yt gipsowo-kartonowych lub tynk\u00f3w. Jest to tekstura plamista, charakteryzuj\u0105ca si\u0119 wi\u0119ksz\u0105 liczb\u0105 zmian tekstury ni\u017c proste wyko\u0144czenie p\u0142askie, ale mniejsz\u0105 ni\u017c tekstura baranka czy popcornu. Mocne wyko\u0144czenie Knockdown nak\u0142ada si\u0119 natryskowo. Tekstura ta to jeden z najlepszych sposob\u00f3w na ukrycie niedoskona\u0142o\u015bci, kt\u00f3re mog\u0105 pojawi\u0107 si\u0119 podczas monta\u017cu p\u0142yt gipsowo-kartonowych, a [&hellip;]<\/p>\n","protected":false},"author":1,"featured_media":0,"parent":0,"menu_order":0,"comment_status":"closed","ping_status":"open","template":"","meta":{"footnotes":""},"class_list":["post-2","page","type-page","status-publish","hentry"],"_links":{"self":[{"href":"https:\/\/knock-down.pl\/index.php?rest_route=\/wp\/v2\/pages\/2","targetHints":{"allow":["GET"]}}],"collection":[{"href":"https:\/\/knock-down.pl\/index.php?rest_route=\/wp\/v2\/pages"}],"about":[{"href":"https:\/\/knock-down.pl\/index.php?rest_route=\/wp\/v2\/types\/page"}],"author":[{"embeddable":true,"href":"https:\/\/knock-down.pl\/index.php?rest_route=\/wp\/v2\/users\/1"}],"replies":[{"embeddable":true,"href":"https:\/\/knock-down.pl\/index.php?rest_route=%2Fwp%2Fv2%2Fcomments&post=2"}],"version-history":[{"count":9,"href":"https:\/\/knock-down.pl\/index.php?rest_route=\/wp\/v2\/pages\/2\/revisions"}],"predecessor-version":[{"id":159,"href":"https:\/\/knock-down.pl\/index.php?rest_route=\/wp\/v2\/pages\/2\/revisions\/159"}],"wp:attachment":[{"href":"https:\/\/knock-down.pl\/index.php?rest_route=%2Fwp%2Fv2%2Fmedia&parent=2"}],"curies":[{"name":"wp","href":"https:\/\/api.w.org\/{rel}","templated":true}]}}