{"id":69,"date":"2025-08-12T17:00:10","date_gmt":"2025-08-12T15:00:10","guid":{"rendered":"https:\/\/knock-down.pl\/?page_id=69"},"modified":"2025-08-24T23:03:02","modified_gmt":"2025-08-24T21:03:02","slug":"kontakt","status":"publish","type":"page","link":"https:\/\/knock-down.pl\/?page_id=69","title":{"rendered":"Kontakt"},"content":{"rendered":"\n<p>Email: jakub.boski@gmail.com<\/p>\n\n\n<p>Tel: <\/p>\n\n\n<p><\/p>\n<form id=\"wpforms-form-160\" data-formid=\"160\" method=\"post\" enctype=\"multipart\/form-data\" action=\"\/wp-admin\/admin-ajax.php\" data-token=\"542c6fac648f29db3db9f021cd3fce03\" data-token-time=\"1755440317\"><noscript>Aby wype\u0142ni\u0107 ten formularz, w\u0142\u0105cz obs\u0142ug\u0119 JavaScript w przegl\u0105darce.<\/noscript>Aby wype\u0142ni\u0107 ten formularz, w\u0142\u0105cz obs\u0142ug\u0119 JavaScript w przegl\u0105darce.<fieldset><legend>Imi\u0119 i nazwisko *<\/legend><input type=\"text\" id=\"wpforms-160-field_1\" name=\"wpforms[fields][1][first]\" aria-errormessage=\"wpforms-160-field_1-error\" required><label for=\"wpforms-160-field_1\">Imi\u0119<\/label><input type=\"text\" id=\"wpforms-160-field_1-last\" name=\"wpforms[fields][1][last]\" aria-errormessage=\"wpforms-160-field_1-last-error\" required><label for=\"wpforms-160-field_1-last\">Nazwisko<\/label><\/fieldset><label for=\"wpforms-160-field_2\">Adres e-mail *<\/label><input type=\"email\" id=\"wpforms-160-field_2\" name=\"wpforms[fields][2]\" spellcheck=\"false\" aria-errormessage=\"wpforms-160-field_2-error\" required><label for=\"wpforms-160-field_3\">Komentarz lub wiadomo\u015b\u0107<\/label><textarea id=\"wpforms-160-field_3\" name=\"wpforms[fields][3]\" aria-errormessage=\"wpforms-160-field_3-error\" ><\/textarea><!-- .wpforms-field-container --><input type=\"hidden\" name=\"wpforms[id]\" value=\"160\">\t\t\t<input\n\t\t\t\ttype=\"hidden\"\n\t\t\t\tname=\"wpforms[nonce]\"\n\t\t\t\tvalue=\"1e17c4bb8d\"\n\t\t\t\/>\n\t\t\t<input type=\"hidden\" name=\"page_title\" value=\"{page_title}\"><input type=\"hidden\" name=\"page_url\" value=\"http:\/\/page_url\"><input type=\"hidden\" name=\"url_referer\" value=\"http:\/\/url_referer\"><button type=\"submit\" name=\"wpforms[submit]\" id=\"wpforms-submit-160\" data-alt-text=\"Wysy\u0142anie...\" data-submit-text=\"Prze\u015blij\" aria-live=\"assertive\" value=\"wpforms-submit\">Prze\u015blij<\/button><img decoding=\"async\" src=\"https:\/\/knock-down.pl\/wp-content\/plugins\/wpforms-lite\/assets\/images\/submit-spin.svg\" style=\"display: none;\" width=\"26\" height=\"26\" alt=\"Wczytywanie\"><\/form>  <!-- .wpforms-container -->","protected":false},"excerpt":{"rendered":"<p>Email: jakub.boski@gmail.com Tel: Aby wype\u0142ni\u0107 ten formularz, w\u0142\u0105cz obs\u0142ug\u0119 JavaScript w przegl\u0105darce.Aby wype\u0142ni\u0107 ten formularz, w\u0142\u0105cz obs\u0142ug\u0119 JavaScript w przegl\u0105darce. Imi\u0119 i nazwisko * Imi\u0119Nazwisko Adres e-mail *Komentarz lub wiadomo\u015b\u0107 Prze\u015blij<\/p>\n","protected":false},"author":1,"featured_media":0,"parent":0,"menu_order":0,"comment_status":"closed","ping_status":"closed","template":"","meta":{"footnotes":""},"class_list":["post-69","page","type-page","status-publish","hentry"],"_links":{"self":[{"href":"https:\/\/knock-down.pl\/index.php?rest_route=\/wp\/v2\/pages\/69","targetHints":{"allow":["GET"]}}],"collection":[{"href":"https:\/\/knock-down.pl\/index.php?rest_route=\/wp\/v2\/pages"}],"about":[{"href":"https:\/\/knock-down.pl\/index.php?rest_route=\/wp\/v2\/types\/page"}],"author":[{"embeddable":true,"href":"https:\/\/knock-down.pl\/index.php?rest_route=\/wp\/v2\/users\/1"}],"replies":[{"embeddable":true,"href":"https:\/\/knock-down.pl\/index.php?rest_route=%2Fwp%2Fv2%2Fcomments&post=69"}],"version-history":[{"count":5,"href":"https:\/\/knock-down.pl\/index.php?rest_route=\/wp\/v2\/pages\/69\/revisions"}],"predecessor-version":[{"id":274,"href":"https:\/\/knock-down.pl\/index.php?rest_route=\/wp\/v2\/pages\/69\/revisions\/274"}],"wp:attachment":[{"href":"https:\/\/knock-down.pl\/index.php?rest_route=%2Fwp%2Fv2%2Fmedia&parent=69"}],"curies":[{"name":"wp","href":"https:\/\/api.w.org\/{rel}","templated":true}]}}